{"id":61,"date":"2025-03-28T03:28:31","date_gmt":"2025-03-28T03:28:31","guid":{"rendered":"https:\/\/demo2wpopal.b-cdn.net\/spaciaz\/?page_id=61"},"modified":"2026-01-08T14:48:00","modified_gmt":"2026-01-08T14:48:00","slug":"contact","status":"publish","type":"page","link":"https:\/\/delu4.lv\/en\/contact\/","title":{"rendered":"Our contacts"},"content":{"rendered":"<div data-elementor-type=\"wp-page\" data-elementor-id=\"61\" class=\"elementor elementor-61\" data-elementor-post-type=\"page\">\n\t\t\t\t<div class=\"elementor-element elementor-element-dd4cc01 e-con-full e-flex e-con e-parent\" data-id=\"dd4cc01\" data-element_type=\"container\" data-settings=\"{&quot;background_background&quot;:&quot;classic&quot;}\">\n\t\t<div class=\"elementor-element elementor-element-49de9ae e-flex e-con-boxed e-con e-child\" data-id=\"49de9ae\" data-element_type=\"container\">\n\t\t\t\t\t<div class=\"e-con-inner\">\n\t\t\t\t<div class=\"elementor-element elementor-element-03bf66d elementor-widget elementor-widget-page-title\" data-id=\"03bf66d\" data-element_type=\"widget\" data-widget_type=\"page-title.default\">\n\t\t\t\t<div class=\"elementor-widget-container\">\n\t\t\t\t\t\t\t\n\t\t<div class=\"hfe-page-title hfe-page-title-wrapper elementor-widget-heading\">\n\n\t\t\t\t\t\t\t\t<h2 class=\"elementor-heading-title elementor-size-default\">\n\t\t\t\t\t\t\t\t\n\t\t\t\tOur contacts  \n\t\t\t<\/h2> \n\t\t\t\t\t<\/div>\n\t\t\t\t\t\t<\/div>\n\t\t\t\t<\/div>\n\t\t<div class=\"elementor-element elementor-element-f99e958 e-con-full e-flex e-con e-child\" data-id=\"f99e958\" data-element_type=\"container\">\n\t\t\t\t<div class=\"elementor-element elementor-element-d07b84b elementor-widget elementor-widget-hfe-breadcrumbs-widget\" data-id=\"d07b84b\" data-element_type=\"widget\" data-widget_type=\"hfe-breadcrumbs-widget.default\">\n\t\t\t\t<div class=\"elementor-widget-container\">\n\t\t\t\t\t<nav aria-label=\"Breadcrumb\"><ul class=\"hfe-breadcrumbs hfe-breadcrumbs-show-home\"><li class=\"hfe-breadcrumbs-item hfe-breadcrumbs-first\"><span class=\"hfe-breadcrumbs-home-icon\"><\/span><a href=\"https:\/\/delu4.lv\/en\"><span class=\"hfe-breadcrumbs-text\">Home<\/span><\/a><\/li><\/ul><\/nav>\t\t\t\t<\/div>\n\t\t\t\t<\/div>\n\t\t\t\t<div class=\"elementor-element elementor-element-0af00e4 elementor-widget__width-initial elementor-hidden-mobile elementor-widget elementor-widget-heading\" data-id=\"0af00e4\" data-element_type=\"widget\" data-widget_type=\"heading.default\">\n\t\t\t\t\t<div class=\"elementor-heading-title elementor-size-default\">Together we will find a solution for both small teams and growing companies.<\/div>\t\t\t\t<\/div>\n\t\t\t\t<\/div>\n\t\t\t\t\t<\/div>\n\t\t\t\t<\/div>\n\t\t\t\t<div class=\"elementor-element elementor-element-6e1c396 elementor-widget elementor-widget-spacer\" data-id=\"6e1c396\" data-element_type=\"widget\" data-widget_type=\"spacer.default\">\n\t\t\t\t\t\t\t<div class=\"elementor-spacer\">\n\t\t\t<div class=\"elementor-spacer-inner\"><\/div>\n\t\t<\/div>\n\t\t\t\t\t\t<\/div>\n\t\t\t\t<\/div>\n\t\t<div class=\"elementor-element elementor-element-e645870 e-flex e-con-boxed e-con e-parent\" data-id=\"e645870\" data-element_type=\"container\">\n\t\t\t\t\t<div class=\"e-con-inner\">\n\t\t<div class=\"elementor-element elementor-element-57c1499 e-grid e-con-full e-con e-child\" data-id=\"57c1499\" data-element_type=\"container\">\n\t\t<div class=\"elementor-element elementor-element-2783a18 e-con-full animated-fast e-flex elementor-invisible e-con e-child\" data-id=\"2783a18\" data-element_type=\"container\" data-settings=\"{&quot;animation&quot;:&quot;opal-move-up&quot;}\">\n\t\t\t\t<div class=\"elementor-element elementor-element-fbcd262 elementor-view-default elementor-position-top elementor-mobile-position-top elementor-widget elementor-widget-icon-box\" data-id=\"fbcd262\" data-element_type=\"widget\" data-widget_type=\"icon-box.default\">\n\t\t\t\t\t\t\t<div class=\"elementor-icon-box-wrapper\">\n\n\t\t\t\t\t\t<div class=\"elementor-icon-box-icon\">\n\t\t\t\t<span  class=\"elementor-icon\">\n\t\t\t\t<i aria-hidden=\"true\" class=\"spaciaz-icon- spaciaz-icon-envelope-open\"><\/i>\t\t\t\t<\/span>\n\t\t\t<\/div>\n\t\t\t\n\t\t\t\t\t\t<div class=\"elementor-icon-box-content\">\n\n\t\t\t\t\t\t\t\t\t<h5 class=\"elementor-icon-box-title\">\n\t\t\t\t\t\t<span  >\n\t\t\t\t\t\t\tWrite\t\t\t\t\t\t<\/span>\n\t\t\t\t\t<\/h5>\n\t\t\t\t\n\t\t\t\t\t\t\t\t\t<p class=\"elementor-icon-box-description\">\n\t\t\t\t\t\tiveta@mbcentrs.lv\t\t\t\t\t<\/p>\n\t\t\t\t\n\t\t\t<\/div>\n\t\t\t\n\t\t<\/div>\n\t\t\t\t\t\t<\/div>\n\t\t\t\t<div class=\"elementor-element elementor-element-5594504 elementor-button-default elementor-align-justify elementor-widget elementor-widget-spaciaz-button\" data-id=\"5594504\" data-element_type=\"widget\" data-widget_type=\"spaciaz-button.default\">\n\t\t\t\t<div class=\"elementor-widget-container\">\n\t\t\t\t\t        <div class=\"elementor-button-wrapper\">\n            <a href=\"mailto:iveta@mbcentrs.lv\" class=\"elementor-button-link elementor-button elementor-size-sm\" role=\"button\">\n                        <span class=\"elementor-button-content-wrapper\">\n           \t\t\t<span class=\"elementor-button-text\" data-name=\"Uzrakst\u012bt\">\n                <span>Write<\/span>\n            <\/span>\n\t\t<\/span>\n                    <\/a>\n        <\/div>\n        \t\t\t\t<\/div>\n\t\t\t\t<\/div>\n\t\t\t\t<\/div>\n\t\t<div class=\"elementor-element elementor-element-67ea3e2 e-con-full animated-fast e-flex elementor-invisible e-con e-child\" data-id=\"67ea3e2\" data-element_type=\"container\" data-settings=\"{&quot;animation&quot;:&quot;opal-move-up&quot;,&quot;animation_delay&quot;:100}\">\n\t\t\t\t<div class=\"elementor-element elementor-element-833a981 elementor-view-default elementor-position-top elementor-mobile-position-top elementor-widget elementor-widget-icon-box\" data-id=\"833a981\" data-element_type=\"widget\" data-widget_type=\"icon-box.default\">\n\t\t\t\t\t\t\t<div class=\"elementor-icon-box-wrapper\">\n\n\t\t\t\t\t\t<div class=\"elementor-icon-box-icon\">\n\t\t\t\t<a href=\"http:\/\/wa.me\/+37120403090\" class=\"elementor-icon\" tabindex=\"-1\" aria-label=\"Call\">\n\t\t\t\t<i aria-hidden=\"true\" class=\"spaciaz-icon- spaciaz-icon-call-out\"><\/i>\t\t\t\t<\/a>\n\t\t\t<\/div>\n\t\t\t\n\t\t\t\t\t\t<div class=\"elementor-icon-box-content\">\n\n\t\t\t\t\t\t\t\t\t<h5 class=\"elementor-icon-box-title\">\n\t\t\t\t\t\t<a href=\"http:\/\/wa.me\/+37120403090\" >\n\t\t\t\t\t\t\tCall\t\t\t\t\t\t<\/a>\n\t\t\t\t\t<\/h5>\n\t\t\t\t\n\t\t\t\t\t\t\t\t\t<p class=\"elementor-icon-box-description\">\n\t\t\t\t\t\t+371 20403090\t\t\t\t\t<\/p>\n\t\t\t\t\n\t\t\t<\/div>\n\t\t\t\n\t\t<\/div>\n\t\t\t\t\t\t<\/div>\n\t\t\t\t<div class=\"elementor-element elementor-element-02ad47c elementor-button-default elementor-align-justify elementor-widget elementor-widget-spaciaz-button\" data-id=\"02ad47c\" data-element_type=\"widget\" data-widget_type=\"spaciaz-button.default\">\n\t\t\t\t<div class=\"elementor-widget-container\">\n\t\t\t\t\t        <div class=\"elementor-button-wrapper\">\n            <a href=\"http:\/\/wa.me\/+37129184816\" class=\"elementor-button-link elementor-button elementor-size-sm\" role=\"button\">\n                        <span class=\"elementor-button-content-wrapper\">\n           \t\t\t<span class=\"elementor-button-text\" data-name=\"WhatsApp\">\n                <span>WhatsApp<\/span>\n            <\/span>\n\t\t<\/span>\n                    <\/a>\n        <\/div>\n        \t\t\t\t<\/div>\n\t\t\t\t<\/div>\n\t\t\t\t<\/div>\n\t\t<div class=\"elementor-element elementor-element-8f52242 e-con-full e-flex elementor-invisible e-con e-child\" data-id=\"8f52242\" data-element_type=\"container\" data-settings=\"{&quot;animation&quot;:&quot;opal-move-up&quot;,&quot;animation_delay&quot;:200}\">\n\t\t\t\t<div class=\"elementor-element elementor-element-6869bc9 elementor-view-default elementor-position-top elementor-mobile-position-top elementor-widget elementor-widget-icon-box\" data-id=\"6869bc9\" data-element_type=\"widget\" data-widget_type=\"icon-box.default\">\n\t\t\t\t\t\t\t<div class=\"elementor-icon-box-wrapper\">\n\n\t\t\t\t\t\t<div class=\"elementor-icon-box-icon\">\n\t\t\t\t<span  class=\"elementor-icon\">\n\t\t\t\t<i aria-hidden=\"true\" class=\"spaciaz-icon- spaciaz-icon-marker-pin\"><\/i>\t\t\t\t<\/span>\n\t\t\t<\/div>\n\t\t\t\n\t\t\t\t\t\t<div class=\"elementor-icon-box-content\">\n\n\t\t\t\t\t\t\t\t\t<h5 class=\"elementor-icon-box-title\">\n\t\t\t\t\t\t<span  >\n\t\t\t\t\t\t\tOur office\t\t\t\t\t\t<\/span>\n\t\t\t\t\t<\/h5>\n\t\t\t\t\n\t\t\t\t\t\t\t\t\t<p class=\"elementor-icon-box-description\">\n\t\t\t\t\t\tDelu Street 4, Riga, LV-1004\t\t\t\t\t<\/p>\n\t\t\t\t\n\t\t\t<\/div>\n\t\t\t\n\t\t<\/div>\n\t\t\t\t\t\t<\/div>\n\t\t\t\t<div class=\"elementor-element elementor-element-7c2ea73 elementor-button-default elementor-align-justify elementor-widget elementor-widget-spaciaz-button\" data-id=\"7c2ea73\" data-element_type=\"widget\" data-widget_type=\"spaciaz-button.default\">\n\t\t\t\t<div class=\"elementor-widget-container\">\n\t\t\t\t\t        <div class=\"elementor-button-wrapper\">\n            <a href=\"https:\/\/share.google\/IahITOgU4qqwXcljU\" class=\"elementor-button-link elementor-button elementor-size-sm\" role=\"button\">\n                        <span class=\"elementor-button-content-wrapper\">\n           \t\t\t<span class=\"elementor-button-text\" data-name=\"Google Maps\">\n                <span>Google Maps<\/span>\n            <\/span>\n\t\t<\/span>\n                    <\/a>\n        <\/div>\n        \t\t\t\t<\/div>\n\t\t\t\t<\/div>\n\t\t\t\t<\/div>\n\t\t\t\t<\/div>\n\t\t<div class=\"elementor-element elementor-element-b6aa9a7 e-con-full e-flex e-con e-child\" data-id=\"b6aa9a7\" data-element_type=\"container\">\n\t\t<div class=\"elementor-element elementor-element-b969834 e-con-full e-flex e-con e-child\" data-id=\"b969834\" data-element_type=\"container\">\n\t\t\t\t<div class=\"elementor-element elementor-element-efdd0df elementor-widget elementor-widget-heading\" data-id=\"efdd0df\" data-element_type=\"widget\" data-widget_type=\"heading.default\">\n\t\t\t\t\t<h3 class=\"elementor-heading-title elementor-size-default\">Contact us<\/h3>\t\t\t\t<\/div>\n\t\t\t\t<div class=\"elementor-element elementor-element-8a5bc95 elementor-widget elementor-widget-spaciaz-contactform\" data-id=\"8a5bc95\" data-element_type=\"widget\" data-widget_type=\"spaciaz-contactform.default\">\n\t\t\t\t<div class=\"elementor-widget-container\">\n\t\t\t\t\t<p class=\"wpcf7-contact-form-not-found\"><strong>Error:<\/strong> Contact form not found.<\/p>\t\t\t\t<\/div>\n\t\t\t\t<\/div>\n\t\t\t\t<\/div>\n\t\t<div class=\"elementor-element elementor-element-67b88a0 e-con-full elementor-hidden-mobile e-flex e-con e-child\" data-id=\"67b88a0\" data-element_type=\"container\">\n\t\t\t\t<\/div>\n\t\t\t\t<\/div>\n\t\t<div class=\"elementor-element elementor-element-e070db1 e-con-full e-flex e-con e-child\" data-id=\"e070db1\" data-element_type=\"container\">\n\t\t\t\t<div class=\"elementor-element elementor-element-00b0c2a elementor-widget elementor-widget-google_maps\" data-id=\"00b0c2a\" data-element_type=\"widget\" data-widget_type=\"google_maps.default\">\n\t\t\t\t\t\t\t<div class=\"elementor-custom-embed\">\n\t\t\t<iframe loading=\"lazy\"\n\t\t\t\t\tsrc=\"https:\/\/maps.google.com\/maps?q=D%C4%93%C4%BCu%204%2C%20Riga&#038;t=m&#038;z=14&#038;output=embed&#038;iwloc=near\"\n\t\t\t\t\ttitle=\"Delu 4, Riga\"\n\t\t\t\t\taria-label=\"Delu 4, Riga\"\n\t\t\t><\/iframe>\n\t\t<\/div>\n\t\t\t\t\t\t<\/div>\n\t\t\t\t<\/div>\n\t\t\t\t\t<\/div>\n\t\t\t\t<\/div>\n\t\t\t\t<\/div>","protected":false},"excerpt":{"rendered":"<p>Our contacts Home Together we will find a solution for both small teams and growing companies. Write to iveta@mbcentrs.lv Write Call +371 20403090 WhatsApp Our office D\u0113\u013cu iela 4, Riga, LV-1004 Google Maps Contact us Get a quote<\/p>","protected":false},"author":1,"featured_media":0,"parent":0,"menu_order":0,"comment_status":"closed","ping_status":"closed","template":"template-homepage.php","meta":{"inline_featured_image":false,"footnotes":""},"class_list":["post-61","page","type-page","status-publish","hentry"],"yoast_head":"<!-- This site is optimized with the Yoast SEO plugin v26.7 - https:\/\/yoast.com\/wordpress\/plugins\/seo\/ -->\n<title>M\u016bsu kontakti - D\u0113\u013cu 4 biroji M\u016bkusalas Biznesa centr\u0101<\/title>\n<meta name=\"robots\" content=\"index, follow, max-snippet:-1, max-image-preview:large, max-video-preview:-1\" \/>\n<link rel=\"canonical\" href=\"https:\/\/delu4.lv\/en\/contact\/\" \/>\n<meta property=\"og:locale\" content=\"en_US\" \/>\n<meta property=\"og:type\" content=\"article\" \/>\n<meta property=\"og:title\" content=\"M\u016bsu kontakti - D\u0113\u013cu 4 biroji M\u016bkusalas Biznesa centr\u0101\" \/>\n<meta property=\"og:description\" content=\"M\u016bsu kontakti Home Kop\u0101 atrad\u012bsim risin\u0101jumu gan maz\u0101m komand\u0101m, gan augo\u0161iem uz\u0146\u0113mumiem. Rakstiet iveta@mbcentrs.lv Uzrakst\u012bt Zvaniet +371 20403090 WhatsApp M\u016bsu birojs D\u0113\u013cu iela 4, R\u012bga, LV-1004 Google Maps Sazinaties ar mums Sa\u0146emt pied\u0101v\u0101jumu\" \/>\n<meta property=\"og:url\" content=\"https:\/\/delu4.lv\/en\/contact\/\" \/>\n<meta property=\"og:site_name\" content=\"D\u0113\u013cu 4 biroji M\u016bkusalas Biznesa centr\u0101\" \/>\n<meta property=\"article:modified_time\" content=\"2026-01-08T14:48:00+00:00\" \/>\n<meta name=\"twitter:card\" content=\"summary_large_image\" \/>\n<script type=\"application\/ld+json\" class=\"yoast-schema-graph\">{\"@context\":\"https:\/\/schema.org\",\"@graph\":[{\"@type\":\"WebPage\",\"@id\":\"https:\/\/delu4.lv\/contact\/\",\"url\":\"https:\/\/delu4.lv\/contact\/\",\"name\":\"M\u016bsu kontakti - D\u0113\u013cu 4 biroji M\u016bkusalas Biznesa centr\u0101\",\"isPartOf\":{\"@id\":\"https:\/\/delu4.lv\/#website\"},\"datePublished\":\"2025-03-28T03:28:31+00:00\",\"dateModified\":\"2026-01-08T14:48:00+00:00\",\"breadcrumb\":{\"@id\":\"https:\/\/delu4.lv\/contact\/#breadcrumb\"},\"inLanguage\":\"en-US\",\"potentialAction\":[{\"@type\":\"ReadAction\",\"target\":[\"https:\/\/delu4.lv\/contact\/\"]}]},{\"@type\":\"BreadcrumbList\",\"@id\":\"https:\/\/delu4.lv\/contact\/#breadcrumb\",\"itemListElement\":[{\"@type\":\"ListItem\",\"position\":1,\"name\":\"Home\",\"item\":\"https:\/\/delu4.lv\/\"},{\"@type\":\"ListItem\",\"position\":2,\"name\":\"M\u016bsu kontakti\"}]},{\"@type\":\"WebSite\",\"@id\":\"https:\/\/delu4.lv\/#website\",\"url\":\"https:\/\/delu4.lv\/\",\"name\":\"D\u0113\u013cu 4 biroji M\u016bkusalas Biznesa centr\u0101\",\"description\":\"Vieta biznesam un izaugsmei\",\"publisher\":{\"@id\":\"https:\/\/delu4.lv\/#organization\"},\"potentialAction\":[{\"@type\":\"SearchAction\",\"target\":{\"@type\":\"EntryPoint\",\"urlTemplate\":\"https:\/\/delu4.lv\/?s={search_term_string}\"},\"query-input\":{\"@type\":\"PropertyValueSpecification\",\"valueRequired\":true,\"valueName\":\"search_term_string\"}}],\"inLanguage\":\"en-US\"},{\"@type\":\"Organization\",\"@id\":\"https:\/\/delu4.lv\/#organization\",\"name\":\"D\u0113\u013cu 4 biroji M\u016bkusalas Biznesa centr\u0101\",\"url\":\"https:\/\/delu4.lv\/\",\"logo\":{\"@type\":\"ImageObject\",\"inLanguage\":\"en-US\",\"@id\":\"https:\/\/delu4.lv\/#\/schema\/logo\/image\/\",\"url\":\"https:\/\/delu4.lv\/wp-content\/uploads\/2025\/12\/01.svg\",\"contentUrl\":\"https:\/\/delu4.lv\/wp-content\/uploads\/2025\/12\/01.svg\",\"width\":307,\"height\":247,\"caption\":\"D\u0113\u013cu 4 biroji M\u016bkusalas Biznesa centr\u0101\"},\"image\":{\"@id\":\"https:\/\/delu4.lv\/#\/schema\/logo\/image\/\"}}]}<\/script>\n<!-- \/ Yoast SEO plugin. -->","yoast_head_json":{"title":"Our contacts - D\u0113\u013ci 4 offices in M\u016bkusala Business Center","robots":{"index":"index","follow":"follow","max-snippet":"max-snippet:-1","max-image-preview":"max-image-preview:large","max-video-preview":"max-video-preview:-1"},"canonical":"https:\/\/delu4.lv\/en\/contact\/","og_locale":"en_US","og_type":"article","og_title":"M\u016bsu kontakti - D\u0113\u013cu 4 biroji M\u016bkusalas Biznesa centr\u0101","og_description":"M\u016bsu kontakti Home Kop\u0101 atrad\u012bsim risin\u0101jumu gan maz\u0101m komand\u0101m, gan augo\u0161iem uz\u0146\u0113mumiem. Rakstiet iveta@mbcentrs.lv Uzrakst\u012bt Zvaniet +371 20403090 WhatsApp M\u016bsu birojs D\u0113\u013cu iela 4, R\u012bga, LV-1004 Google Maps Sazinaties ar mums Sa\u0146emt pied\u0101v\u0101jumu","og_url":"https:\/\/delu4.lv\/en\/contact\/","og_site_name":"D\u0113\u013cu 4 biroji M\u016bkusalas Biznesa centr\u0101","article_modified_time":"2026-01-08T14:48:00+00:00","twitter_card":"summary_large_image","schema":{"@context":"https:\/\/schema.org","@graph":[{"@type":"WebPage","@id":"https:\/\/delu4.lv\/contact\/","url":"https:\/\/delu4.lv\/contact\/","name":"Our contacts - D\u0113\u013ci 4 offices in M\u016bkusala Business Center","isPartOf":{"@id":"https:\/\/delu4.lv\/#website"},"datePublished":"2025-03-28T03:28:31+00:00","dateModified":"2026-01-08T14:48:00+00:00","breadcrumb":{"@id":"https:\/\/delu4.lv\/contact\/#breadcrumb"},"inLanguage":"en-US","potentialAction":[{"@type":"ReadAction","target":["https:\/\/delu4.lv\/contact\/"]}]},{"@type":"BreadcrumbList","@id":"https:\/\/delu4.lv\/contact\/#breadcrumb","itemListElement":[{"@type":"ListItem","position":1,"name":"Home","item":"https:\/\/delu4.lv\/"},{"@type":"ListItem","position":2,"name":"M\u016bsu kontakti"}]},{"@type":"WebSite","@id":"https:\/\/delu4.lv\/#website","url":"https:\/\/delu4.lv\/","name":"Board 4 offices in M\u016bkusala Business Center","description":"A place for business and growth","publisher":{"@id":"https:\/\/delu4.lv\/#organization"},"potentialAction":[{"@type":"SearchAction","target":{"@type":"EntryPoint","urlTemplate":"https:\/\/delu4.lv\/?s={search_term_string}"},"query-input":{"@type":"PropertyValueSpecification","valueRequired":true,"valueName":"search_term_string"}}],"inLanguage":"en-US"},{"@type":"Organization","@id":"https:\/\/delu4.lv\/#organization","name":"Board 4 offices in M\u016bkusala Business Center","url":"https:\/\/delu4.lv\/","logo":{"@type":"ImageObject","inLanguage":"en-US","@id":"https:\/\/delu4.lv\/#\/schema\/logo\/image\/","url":"https:\/\/delu4.lv\/wp-content\/uploads\/2025\/12\/01.svg","contentUrl":"https:\/\/delu4.lv\/wp-content\/uploads\/2025\/12\/01.svg","width":307,"height":247,"caption":"D\u0113\u013cu 4 biroji M\u016bkusalas Biznesa centr\u0101"},"image":{"@id":"https:\/\/delu4.lv\/#\/schema\/logo\/image\/"}}]}},"_links":{"self":[{"href":"https:\/\/delu4.lv\/en\/wp-json\/wp\/v2\/pages\/61","targetHints":{"allow":["GET"]}}],"collection":[{"href":"https:\/\/delu4.lv\/en\/wp-json\/wp\/v2\/pages"}],"about":[{"href":"https:\/\/delu4.lv\/en\/wp-json\/wp\/v2\/types\/page"}],"author":[{"embeddable":true,"href":"https:\/\/delu4.lv\/en\/wp-json\/wp\/v2\/users\/1"}],"replies":[{"embeddable":true,"href":"https:\/\/delu4.lv\/en\/wp-json\/wp\/v2\/comments?post=61"}],"version-history":[{"count":19,"href":"https:\/\/delu4.lv\/en\/wp-json\/wp\/v2\/pages\/61\/revisions"}],"predecessor-version":[{"id":10270,"href":"https:\/\/delu4.lv\/en\/wp-json\/wp\/v2\/pages\/61\/revisions\/10270"}],"wp:attachment":[{"href":"https:\/\/delu4.lv\/en\/wp-json\/wp\/v2\/media?parent=61"}],"curies":[{"name":"wp","href":"https:\/\/api.w.org\/{rel}","templated":true}]}}